{"id":152,"date":"2025-09-15T21:38:47","date_gmt":"2025-09-15T21:38:47","guid":{"rendered":"https:\/\/staidan.11-11marketing.ca\/?page_id=152"},"modified":"2025-10-29T16:10:02","modified_gmt":"2025-10-29T16:10:02","slug":"condiciones-generales","status":"publish","type":"page","link":"https:\/\/staidanssociety.ca\/es\/terms-and-conditions\/","title":{"rendered":"Condiciones generales"},"content":{"rendered":"<p>Bienvenido a <strong>Sociedad de San Aidan<\/strong><\/p>\n\n\n\n<p>Las presentes condiciones generales establecen las normas de uso de <strong>Sociedad de San Aidan<\/strong> sitio web.<\/p>\n\n\n\n<p>Al acceder a este sitio web, asumimos que acepta estas condiciones en su totalidad. No contin\u00fae utilizando <strong>Sociedad de San Aidan<\/strong> si no acepta todas las condiciones establecidas en esta p\u00e1gina.<\/p>\n\n\n\n<p>La siguiente terminolog\u00eda se aplica a estos t\u00e9rminos y condiciones, a la declaraci\u00f3n de privacidad y al aviso de exenci\u00f3n de responsabilidad, as\u00ed como a cualquiera o a todos los acuerdos: \"cliente\", \"usted\" y \"su\" se refieren a usted, la persona que accede a este sitio web y acepta los t\u00e9rminos y condiciones de la empresa. \"La empresa\", \"nosotros\", \"nos\", \"nuestro\" y \"nos\", se refiere a nuestra empresa. \"Parte\", \"partes\" o \"nosotros\" se refiere tanto al cliente como a nosotros mismos, o bien al cliente o a nosotros mismos. Todos los t\u00e9rminos se refieren a la oferta, aceptaci\u00f3n y contraprestaci\u00f3n de pago necesaria para emprender el proceso de nuestra asistencia al cliente de la manera m\u00e1s adecuada, ya sea mediante reuniones formales de una duraci\u00f3n determinada, o cualquier otro medio, con el prop\u00f3sito expreso de satisfacer las necesidades del cliente con respecto a la prestaci\u00f3n de los servicios\/productos declarados de la empresa, de conformidad con y con sujeci\u00f3n a la legislaci\u00f3n vigente de Canad\u00e1. Cualquier uso de la terminolog\u00eda anterior u otras palabras en singular, plural, may\u00fasculas y\/o \u00e9l\/ella o ellos, se consideran intercambiables y, por lo tanto, se refieren a lo mismo.<\/p>\n\n\n\n<h2 class=\"wp-block-heading\">Cookies<\/h2>\n\n\n\n<p>Utilizamos cookies. Al utilizar <strong>Sociedad de San Aidan<\/strong> acepta el uso de cookies de acuerdo con <strong>Sociedad de San Aidan<\/strong> pol\u00edtica de privacidad. La mayor\u00eda de los sitios web interactivos actuales utilizan cookies para poder recuperar los datos de los usuarios en cada visita. Las cookies se utilizan en algunas \u00e1reas de nuestro sitio para permitir la funcionalidad y facilidad de uso para las personas que nos visitan. Algunos de nuestros socios afiliados \/ publicitarios tambi\u00e9n pueden utilizar cookies.<\/p>\n\n\n\n<h2 class=\"wp-block-heading\">Licencia<\/h2>\n\n\n\n<p>A menos que se indique lo contrario, <strong>Sociedad de San Aidan<\/strong> y\/o sus licenciantes poseen los derechos de propiedad intelectual de todo el material contenido en <strong>Sociedad de San Aidan<\/strong>. Todos los derechos de propiedad intelectual est\u00e1n reservados. Puede consultar y\/o imprimir p\u00e1ginas de <a href=\"https:\/\/staidanssociety.ca\/es\/\">https:\/\/staidanssociety.ca<\/a> para su uso personal sujeto a las restricciones establecidas en estas condiciones.<\/p>\n\n\n\n<p>No debes hacerlo:<\/p>\n\n\n\n<ol class=\"wp-block-list\">\n<li>Volver a publicar material de <a href=\"https:\/\/staidanssociety.ca\/es\/\">https:\/\/staidanssociety.ca\/<\/a><\/li>\n\n\n\n<li>Vender, alquilar o sublicenciar material de <a href=\"https:\/\/staidanssociety.ca\/es\/\"><a href=\"https:\/\/staidanssociety.ca\/es\/\">https:\/\/staidanssociety.ca\/<\/a><\/a><\/li>\n\n\n\n<li>Reproducir, duplicar o copiar material de <a href=\"https:\/\/staidanssociety.ca\/es\/\">https:\/\/staidanssociety.ca\/<\/a><\/li>\n<\/ol>\n\n\n\n<p>Redistribuir contenidos de <strong>Sociedad de San Aidan<\/strong> (a menos que el contenido est\u00e9 espec\u00edficamente hecho para su redistribuci\u00f3n).<\/p>\n\n\n\n<h2 class=\"wp-block-heading\">Comentarios de los usuarios<\/h2>\n\n\n\n<ol class=\"wp-block-list\">\n<li>El presente Acuerdo entrar\u00e1 en vigor en la fecha del mismo.<\/li>\n\n\n\n<li>Ciertas partes de este sitio web ofrecen a los usuarios la oportunidad de publicar e intercambiar opiniones, informaci\u00f3n, material y datos (\"Comentarios\") en \u00e1reas del sitio web. <strong>Sociedad de San Aidan<\/strong> no filtra, edita, publica ni revisa los comentarios antes de que aparezcan en el sitio web, y los comentarios no reflejan los puntos de vista ni las opiniones de <strong>Sociedad de San Aidan<\/strong>sus agentes o afiliados. Los comentarios reflejan el punto de vista y la opini\u00f3n de la persona que los publica. En la medida en que lo permita la legislaci\u00f3n aplicable <strong>Sociedad de San Aidan<\/strong> no ser\u00e1 responsable de los comentarios ni de ninguna p\u00e9rdida, coste, responsabilidad, da\u00f1os o gastos causados y\/o sufridos como resultado de cualquier uso y\/o publicaci\u00f3n y\/o aparici\u00f3n de los comentarios en este sitio web.<\/li>\n\n\n\n<li><strong>Sociedad de San Aidan<\/strong> se reserva el derecho a supervisar todos los comentarios y a eliminar aquellos que considere, a su absoluta discreci\u00f3n, inapropiados, ofensivos o que infrinjan de cualquier otro modo las presentes Condiciones.<\/li>\n\n\n\n<li>Usted garantiza y declara que:\n<ul class=\"wp-block-list\">\n<li>Usted tiene derecho a publicar los comentarios en nuestro sitio web y dispone de todas las licencias y consentimientos necesarios para hacerlo;<\/li>\n\n\n\n<li>Los comentarios no infringen ning\u00fan derecho de propiedad intelectual, incluidos, entre otros, los derechos de autor, patentes o marcas comerciales, ni ning\u00fan otro derecho de propiedad de terceros;<\/li>\n\n\n\n<li>Los comentarios no contengan ning\u00fan material difamatorio, calumnioso, ofensivo, indecente o ilegal por cualquier otro motivo, ni material que suponga una invasi\u00f3n de la intimidad; y<\/li>\n\n\n\n<li>Los comentarios no se utilizar\u00e1n para solicitar o promover negocios o costumbres ni para presentar actividades comerciales o il\u00edcitas.<\/li>\n<\/ul>\n<\/li>\n\n\n\n<li>Por la presente concede a <strong>Sociedad de San Aidan<\/strong> una licencia no exclusiva libre de derechos de autor para utilizar, reproducir, editar y autorizar a otros a utilizar, reproducir y editar cualquiera de sus comentarios en todas y cada una de las formas, formatos o medios de comunicaci\u00f3n.<\/li>\n<\/ol>\n\n\n\n<h2 class=\"wp-block-heading\">Hiperenlaces a nuestros contenidos<\/h2>\n\n\n\n<ol class=\"wp-block-list\">\n<li>Las siguientes organizaciones pueden enlazar con nuestro sitio web sin autorizaci\u00f3n previa por escrito:\n<ul class=\"wp-block-list\">\n<li>Agencias gubernamentales;<\/li>\n\n\n\n<li>Motores de b\u00fasqueda;<\/li>\n\n\n\n<li>Organizaciones de noticias;<\/li>\n\n\n\n<li>Los distribuidores de directorios en l\u00ednea, cuando nos incluyan en el directorio, podr\u00e1n enlazar con nuestro sitio web del mismo modo que lo hacen con los sitios web de otras empresas incluidas en el directorio; y<\/li>\n\n\n\n<li>Empresas acreditadas por el sistema, excepto organizaciones sin \u00e1nimo de lucro, centros comerciales ben\u00e9ficos y grupos de recaudaci\u00f3n de fondos ben\u00e9ficos, que no pueden establecer hiperv\u00ednculos con nuestro sitio web.<\/li>\n<\/ul>\n<\/li>\n\n\n\n<li>Estas organizaciones pueden enlazar a nuestra p\u00e1gina de inicio, a publicaciones o a otra informaci\u00f3n del sitio web siempre que el enlace:<br>(a) no es en modo alguno enga\u00f1osa;<br>(b) no implique falsamente el patrocinio, respaldo o aprobaci\u00f3n de la parte enlazante y sus productos o servicios; y<br>(c) se ajuste al contexto del sitio de la parte enlazante.<\/li>\n\n\n\n<li>Podemos considerar y aprobar a nuestra entera discreci\u00f3n otras solicitudes de enlace de los siguientes tipos de organizaciones:\n<ul class=\"wp-block-list\">\n<li>sitios de la comunidad punto.com;<\/li>\n\n\n\n<li>asociaciones u otros grupos que representen a organizaciones ben\u00e9ficas, incluidos los sitios de donaciones ben\u00e9ficas;<\/li>\n\n\n\n<li>distribuidores de directorios en l\u00ednea;<\/li>\n\n\n\n<li>portales de internet;<\/li>\n\n\n\n<li>empresas de contabilidad, derecho y consultor\u00eda cuyos principales clientes son empresas; y<\/li>\n\n\n\n<li>instituciones educativas y asociaciones comerciales.<\/li>\n<\/ul>\n<\/li>\n<\/ol>\n\n\n\n<p>Aprobaremos las solicitudes de enlace de estas organizaciones si as\u00ed lo determinamos:<br>(a) el enlace no se refleje desfavorablemente en nosotros o en nuestros negocios acreditados (por ejemplo, no se permitir\u00e1 enlazar a asociaciones comerciales u otras organizaciones que representen tipos de negocio intr\u00ednsecamente sospechosos, como las oportunidades de trabajo desde casa);<br>(b) la organizaci\u00f3n no tiene un historial insatisfactorio con nosotros;<br>(c) el beneficio para nosotros de la visibilidad asociada al hiperv\u00ednculo supera la ausencia de; y<br>(d) cuando el enlace se encuentre en el contexto de informaci\u00f3n general sobre recursos o sea coherente con el contenido editorial de un bolet\u00edn o producto similar que fomente la misi\u00f3n de la organizaci\u00f3n.<\/p>\n\n\n\n<p>Estas organizaciones pueden enlazar a nuestra p\u00e1gina de inicio, a publicaciones o a otra informaci\u00f3n del sitio web siempre que el enlace:<br>(a) no es en modo alguno enga\u00f1osa;<br>(b) no implique falsamente el patrocinio, respaldo o aprobaci\u00f3n de la parte enlazante y sus productos o servicios; y<br>(c) se ajuste al contexto del sitio de la parte enlazante.<\/p>\n\n\n\n<p>Si se encuentra entre las organizaciones enumeradas en el apartado 2 anterior y est\u00e1 interesado en establecer un enlace con nuestro sitio web, debe notific\u00e1rnoslo enviando un correo electr\u00f3nico a <a href=\"mailto:info@staidansociety.ca\"><strong>info@staidansociety.<\/strong>ca<\/a> Por favor, incluya su nombre, el nombre de su organizaci\u00f3n, informaci\u00f3n de contacto (como un n\u00famero de tel\u00e9fono y\/o direcci\u00f3n de correo electr\u00f3nico) as\u00ed como la URL de su sitio, una lista de las URL desde las que pretende enlazar a nuestro sitio web y una lista de la(s) URL(s) de nuestro sitio a las que le gustar\u00eda enlazar. La respuesta tardar\u00e1 entre 2 y 3 semanas.<\/p>\n\n\n\n<p>Las organizaciones autorizadas pueden establecer hiperenlaces con nuestro sitio web de la siguiente manera:<\/p>\n\n\n\n<ol class=\"wp-block-list\">\n<li>Mediante el uso de nuestro nombre corporativo; o<\/li>\n\n\n\n<li>Mediante el uso del localizador uniforme de recursos (direcci\u00f3n web) al que se enlaza; o<\/li>\n\n\n\n<li>Mediante el uso de cualquier otra descripci\u00f3n de nuestro sitio web o del material al que se enlaza que tenga sentido dentro del contexto y el formato del contenido del sitio de la parte que realiza el enlace.<\/li>\n<\/ol>\n\n\n\n<p>No uso de <strong>Sociedad de San Aidan<\/strong> se autorizar\u00e1 el enlace de logotipos u otras ilustraciones si no existe un acuerdo de licencia de marca.<\/p>\n\n\n\n<h2 class=\"wp-block-heading\">Iframes<\/h2>\n\n\n\n<p>Sin aprobaci\u00f3n previa y autorizaci\u00f3n expresa por escrito, no podr\u00e1 crear marcos alrededor de nuestras p\u00e1ginas web ni utilizar otras t\u00e9cnicas que alteren en modo alguno la presentaci\u00f3n visual o el aspecto de nuestro sitio web.<\/p>\n\n\n\n<h2 class=\"wp-block-heading\">Reserva de derechos<\/h2>\n\n\n\n<p>Nos reservamos el derecho, en cualquier momento y a nuestra entera discreci\u00f3n, de solicitarle que elimine todos los enlaces o cualquier enlace concreto a nuestro sitio web. Usted se compromete a eliminar inmediatamente todos los enlaces a nuestro sitio web cuando se lo solicitemos. Tambi\u00e9n nos reservamos el derecho a modificar estas condiciones y nuestra pol\u00edtica de enlaces en cualquier momento. Al continuar enlazando con nuestro sitio web, usted se compromete a respetar las presentes condiciones de enlace.<\/p>\n\n\n\n<h2 class=\"wp-block-heading\">Eliminaci\u00f3n de enlaces de nuestro sitio web<\/h2>\n\n\n\n<p>Si considera que alg\u00fan enlace de nuestro sitio web o de cualquier sitio web enlazado es objetable por cualquier motivo, puede ponerse en contacto con nosotros al respecto. Tendremos en cuenta las solicitudes de eliminaci\u00f3n de enlaces, pero no estaremos obligados a hacerlo ni a responderle directamente.<\/p>\n\n\n\n<p>Aunque nos esforzamos por asegurar que la informaci\u00f3n de este sitio web sea correcta, no garantizamos que sea completa o exacta; tampoco nos comprometemos a asegurar que el sitio web siga estando disponible o que el material del sitio web se mantenga actualizado.<\/p>\n\n\n\n<h2 class=\"wp-block-heading\">Responsabilidad del contenido<\/h2>\n\n\n\n<p>No tendremos responsabilidad alguna por cualquier contenido que aparezca en su sitio web. Usted se compromete a indemnizarnos y defendernos frente a todas las reclamaciones derivadas de su sitio web o basadas en \u00e9l. No podr\u00e1 aparecer ning\u00fan enlace en ninguna p\u00e1gina de su sitio web ni en ning\u00fan contexto que contenga contenidos o materiales que puedan interpretarse como difamatorios, obscenos o delictivos, o que infrinjan, violen de otro modo o propugnen la infracci\u00f3n u otra violaci\u00f3n de los derechos de terceros.<\/p>\n\n\n\n<h2 class=\"wp-block-heading\">Descargo de responsabilidad<\/h2>\n\n\n\n<p>En la medida m\u00e1xima permitida por la ley aplicable, excluimos todas las representaciones, garant\u00edas y condiciones relacionadas con nuestro sitio web y el uso de este sitio web (incluyendo, sin limitaci\u00f3n, cualquier garant\u00eda impl\u00edcita por ley con respecto a la calidad satisfactoria, idoneidad para el prop\u00f3sito y \/ o el uso de cuidado razonable y habilidad). Nada de lo contenido en esta cl\u00e1usula de exenci\u00f3n de responsabilidad:<\/p>\n\n\n\n<ol class=\"wp-block-list\">\n<li>limitar o excluir nuestra responsabilidad o la suya en caso de fallecimiento o da\u00f1os personales resultantes de negligencia;<\/li>\n\n\n\n<li>limitar o excluir nuestra responsabilidad o la suya por fraude o tergiversaci\u00f3n fraudulenta;<\/li>\n\n\n\n<li>limitar cualquiera de nuestras responsabilidades o las suyas de cualquier forma que no est\u00e9 permitida por la legislaci\u00f3n aplicable; o<\/li>\n\n\n\n<li>excluir cualquiera de nuestras responsabilidades o de las suyas que no puedan excluirse en virtud de la legislaci\u00f3n aplicable.<\/li>\n<\/ol>\n\n\n\n<p>Las limitaciones y exclusiones de responsabilidad establecidas en esta secci\u00f3n y en otras partes de esta cl\u00e1usula de exenci\u00f3n de responsabilidad:<br>(a) est\u00e9n sujetas a lo dispuesto en el apartado anterior; y<br>(b) regir\u00e1n todas las responsabilidades derivadas de la cl\u00e1usula de exenci\u00f3n de responsabilidad o relacionadas con el objeto de la misma, incluidas las responsabilidades contractuales, extracontractuales (incluida la negligencia) y por incumplimiento de obligaciones legales.<\/p>\n\n\n\n<p>En la medida en que el sitio web y la informaci\u00f3n y los servicios que contiene se facilitan gratuitamente, no seremos responsables de ninguna p\u00e9rdida o da\u00f1o de cualquier naturaleza.<\/p>","protected":false},"excerpt":{"rendered":"<p>Welcome to St. Aidan&#8217;s Society These terms and conditions outline the rules and regulations for the use of St. Aidan&#8217;s Society website. By accessing this website we assume you accept these terms and conditions in full. Do not continue to use St. Aidan&#8217;s Society website if you do not accept all of the terms and [&hellip;]<\/p>\n","protected":false},"author":3,"featured_media":0,"parent":0,"menu_order":0,"comment_status":"closed","ping_status":"closed","template":"","meta":{"_acf_changed":false,"inline_featured_image":false,"footnotes":""},"class_list":["post-152","page","type-page","status-publish","hentry"],"acf":[],"yoast_head":"<!-- This site is optimized with the Yoast SEO plugin v27.4 - https:\/\/yoast.com\/product\/yoast-seo-wordpress\/ -->\n<title>Terms and Conditions - St. Aidan&#039;s Society<\/title>\n<meta name=\"robots\" content=\"index, follow, max-snippet:-1, max-image-preview:large, max-video-preview:-1\" \/>\n<link rel=\"canonical\" href=\"https:\/\/staidanssociety.ca\/es\/condiciones-generales\/\" \/>\n<meta property=\"og:locale\" content=\"es_ES\" \/>\n<meta property=\"og:type\" content=\"article\" \/>\n<meta property=\"og:title\" content=\"Terms and Conditions - St. Aidan&#039;s Society\" \/>\n<meta property=\"og:description\" content=\"Welcome to St. Aidan&#8217;s Society These terms and conditions outline the rules and regulations for the use of St. Aidan&#8217;s Society website. By accessing this website we assume you accept these terms and conditions in full. Do not continue to use St. Aidan&#8217;s Society website if you do not accept all of the terms and [&hellip;]\" \/>\n<meta property=\"og:url\" content=\"https:\/\/staidanssociety.ca\/es\/condiciones-generales\/\" \/>\n<meta property=\"og:site_name\" content=\"St. Aidan&#039;s Society\" \/>\n<meta property=\"article:modified_time\" content=\"2025-10-29T16:10:02+00:00\" \/>\n<meta name=\"twitter:card\" content=\"summary_large_image\" \/>\n<meta name=\"twitter:label1\" content=\"Tiempo de lectura\" \/>\n\t<meta name=\"twitter:data1\" content=\"8 minutos\" \/>\n<script type=\"application\/ld+json\" class=\"yoast-schema-graph\">{\"@context\":\"https:\\\/\\\/schema.org\",\"@graph\":[{\"@type\":\"WebPage\",\"@id\":\"https:\\\/\\\/staidanssociety.ca\\\/terms-and-conditions\\\/\",\"url\":\"https:\\\/\\\/staidanssociety.ca\\\/terms-and-conditions\\\/\",\"name\":\"Terms and Conditions - St. Aidan&#039;s Society\",\"isPartOf\":{\"@id\":\"https:\\\/\\\/staidanssociety.ca\\\/#website\"},\"datePublished\":\"2025-09-15T21:38:47+00:00\",\"dateModified\":\"2025-10-29T16:10:02+00:00\",\"breadcrumb\":{\"@id\":\"https:\\\/\\\/staidanssociety.ca\\\/terms-and-conditions\\\/#breadcrumb\"},\"inLanguage\":\"es\",\"potentialAction\":[{\"@type\":\"ReadAction\",\"target\":[\"https:\\\/\\\/staidanssociety.ca\\\/terms-and-conditions\\\/\"]}]},{\"@type\":\"BreadcrumbList\",\"@id\":\"https:\\\/\\\/staidanssociety.ca\\\/terms-and-conditions\\\/#breadcrumb\",\"itemListElement\":[{\"@type\":\"ListItem\",\"position\":1,\"name\":\"Home\",\"item\":\"https:\\\/\\\/staidanssociety.ca\\\/\"},{\"@type\":\"ListItem\",\"position\":2,\"name\":\"Terms and Conditions\"}]},{\"@type\":\"WebSite\",\"@id\":\"https:\\\/\\\/staidanssociety.ca\\\/#website\",\"url\":\"https:\\\/\\\/staidanssociety.ca\\\/\",\"name\":\"St. Aidan&#039;s Society\",\"description\":\"\",\"publisher\":{\"@id\":\"https:\\\/\\\/staidanssociety.ca\\\/#organization\"},\"potentialAction\":[{\"@type\":\"SearchAction\",\"target\":{\"@type\":\"EntryPoint\",\"urlTemplate\":\"https:\\\/\\\/staidanssociety.ca\\\/?s={search_term_string}\"},\"query-input\":{\"@type\":\"PropertyValueSpecification\",\"valueRequired\":true,\"valueName\":\"search_term_string\"}}],\"inLanguage\":\"es\"},{\"@type\":\"Organization\",\"@id\":\"https:\\\/\\\/staidanssociety.ca\\\/#organization\",\"name\":\"St. Aidan&#039;s Society\",\"url\":\"https:\\\/\\\/staidanssociety.ca\\\/\",\"logo\":{\"@type\":\"ImageObject\",\"inLanguage\":\"es\",\"@id\":\"https:\\\/\\\/staidanssociety.ca\\\/#\\\/schema\\\/logo\\\/image\\\/\",\"url\":\"https:\\\/\\\/staidanssociety.ca\\\/wp-content\\\/uploads\\\/2025\\\/09\\\/St-Aidans-logo-vector.svg\",\"contentUrl\":\"https:\\\/\\\/staidanssociety.ca\\\/wp-content\\\/uploads\\\/2025\\\/09\\\/St-Aidans-logo-vector.svg\",\"caption\":\"St. Aidan&#039;s Society\"},\"image\":{\"@id\":\"https:\\\/\\\/staidanssociety.ca\\\/#\\\/schema\\\/logo\\\/image\\\/\"}}]}<\/script>\n<!-- \/ Yoast SEO plugin. -->","yoast_head_json":{"title":"T\u00e9rminos y condiciones - St. Aidan's Society","robots":{"index":"index","follow":"follow","max-snippet":"max-snippet:-1","max-image-preview":"max-image-preview:large","max-video-preview":"max-video-preview:-1"},"canonical":"https:\/\/staidanssociety.ca\/es\/condiciones-generales\/","og_locale":"es_ES","og_type":"article","og_title":"Terms and Conditions - St. Aidan&#039;s Society","og_description":"Welcome to St. Aidan&#8217;s Society These terms and conditions outline the rules and regulations for the use of St. Aidan&#8217;s Society website. By accessing this website we assume you accept these terms and conditions in full. Do not continue to use St. Aidan&#8217;s Society website if you do not accept all of the terms and [&hellip;]","og_url":"https:\/\/staidanssociety.ca\/es\/condiciones-generales\/","og_site_name":"St. Aidan&#039;s Society","article_modified_time":"2025-10-29T16:10:02+00:00","twitter_card":"summary_large_image","twitter_misc":{"Tiempo de lectura":"8 minutos"},"schema":{"@context":"https:\/\/schema.org","@graph":[{"@type":"WebPage","@id":"https:\/\/staidanssociety.ca\/terms-and-conditions\/","url":"https:\/\/staidanssociety.ca\/terms-and-conditions\/","name":"T\u00e9rminos y condiciones - St. Aidan's Society","isPartOf":{"@id":"https:\/\/staidanssociety.ca\/#website"},"datePublished":"2025-09-15T21:38:47+00:00","dateModified":"2025-10-29T16:10:02+00:00","breadcrumb":{"@id":"https:\/\/staidanssociety.ca\/terms-and-conditions\/#breadcrumb"},"inLanguage":"es","potentialAction":[{"@type":"ReadAction","target":["https:\/\/staidanssociety.ca\/terms-and-conditions\/"]}]},{"@type":"BreadcrumbList","@id":"https:\/\/staidanssociety.ca\/terms-and-conditions\/#breadcrumb","itemListElement":[{"@type":"ListItem","position":1,"name":"Home","item":"https:\/\/staidanssociety.ca\/"},{"@type":"ListItem","position":2,"name":"Terms and Conditions"}]},{"@type":"WebSite","@id":"https:\/\/staidanssociety.ca\/#website","url":"https:\/\/staidanssociety.ca\/","name":"Sociedad de San Aidan","description":"","publisher":{"@id":"https:\/\/staidanssociety.ca\/#organization"},"potentialAction":[{"@type":"SearchAction","target":{"@type":"EntryPoint","urlTemplate":"https:\/\/staidanssociety.ca\/?s={search_term_string}"},"query-input":{"@type":"PropertyValueSpecification","valueRequired":true,"valueName":"search_term_string"}}],"inLanguage":"es"},{"@type":"Organization","@id":"https:\/\/staidanssociety.ca\/#organization","name":"Sociedad de San Aidan","url":"https:\/\/staidanssociety.ca\/","logo":{"@type":"ImageObject","inLanguage":"es","@id":"https:\/\/staidanssociety.ca\/#\/schema\/logo\/image\/","url":"https:\/\/staidanssociety.ca\/wp-content\/uploads\/2025\/09\/St-Aidans-logo-vector.svg","contentUrl":"https:\/\/staidanssociety.ca\/wp-content\/uploads\/2025\/09\/St-Aidans-logo-vector.svg","caption":"St. Aidan&#039;s Society"},"image":{"@id":"https:\/\/staidanssociety.ca\/#\/schema\/logo\/image\/"}}]}},"_links":{"self":[{"href":"https:\/\/staidanssociety.ca\/es\/wp-json\/wp\/v2\/pages\/152","targetHints":{"allow":["GET"]}}],"collection":[{"href":"https:\/\/staidanssociety.ca\/es\/wp-json\/wp\/v2\/pages"}],"about":[{"href":"https:\/\/staidanssociety.ca\/es\/wp-json\/wp\/v2\/types\/page"}],"author":[{"embeddable":true,"href":"https:\/\/staidanssociety.ca\/es\/wp-json\/wp\/v2\/users\/3"}],"replies":[{"embeddable":true,"href":"https:\/\/staidanssociety.ca\/es\/wp-json\/wp\/v2\/comments?post=152"}],"version-history":[{"count":8,"href":"https:\/\/staidanssociety.ca\/es\/wp-json\/wp\/v2\/pages\/152\/revisions"}],"predecessor-version":[{"id":841,"href":"https:\/\/staidanssociety.ca\/es\/wp-json\/wp\/v2\/pages\/152\/revisions\/841"}],"wp:attachment":[{"href":"https:\/\/staidanssociety.ca\/es\/wp-json\/wp\/v2\/media?parent=152"}],"curies":[{"name":"wp","href":"https:\/\/api.w.org\/{rel}","templated":true}]}}